{"id":49,"date":"2024-06-06T12:05:57","date_gmt":"2024-06-06T10:05:57","guid":{"rendered":"https:\/\/passy.spgoo.org\/?page_id=49"},"modified":"2025-10-17T15:31:44","modified_gmt":"2025-10-17T13:31:44","slug":"acceuil-statut","status":"publish","type":"page","link":"https:\/\/passy.spgoo.org\/?page_id=49","title":{"rendered":"Accueil\/Statut"},"content":{"rendered":"\n<p>Informations sur la construction de la plateforme PASSY<\/p>\n\n\n\n<p class=\"has-vivid-cyan-blue-color has-text-color has-link-color has-medium-font-size wp-elements-f412dc6367a633cf7009e78a919c1a04\">Objectifs de ce type de plateforme :<\/p>\n\n\n\n<ul class=\"wp-block-list\">\n<li>Compl\u00e9ter les informations lexicographiques dans une perspective non normative<\/li>\n\n\n\n<li>Rendre disponibles pour tous les usages des r\u00e9alisations du fran\u00e7ais dans leur diversit\u00e9 sociale, dialectale et diachronique.<\/li>\n\n\n\n<li>Contribuer \u00e0 l&#8217;analyse de la variation et construire les syst\u00e8mes phonologiques sous-jacents.<\/li>\n\n\n\n<li>Etudier les effets du contact de langues<\/li>\n\n\n\n<li>Etablir les r\u00e8gles de correspondance entre les formes sonores et leur consignation graphique.<\/li>\n<\/ul>\n\n\n\n<ul class=\"wp-block-list\"><\/ul>\n\n\n\n<p class=\"has-vivid-cyan-blue-color has-text-color has-link-color has-medium-font-size wp-elements-59dec3723987da96b9c4949ad1d867f9\">Organisation et acteurs<\/p>\n\n\n\n<p>Partenariats envisag\u00e9s (liste non exhaustive) <\/p>\n\n\n\n<ul class=\"wp-block-list\">\n<li>LLL<\/li>\n\n\n\n<li>ATILF<\/li>\n\n\n\n<li>CRIFUQ<\/li>\n<\/ul>\n\n\n\n<p class=\"has-vivid-cyan-blue-color has-text-color has-link-color has-medium-font-size wp-elements-12cceceee59c6a7195d0a456e2db072d\">Architecture de la plateforme<\/p>\n\n\n\n<figure class=\"wp-block-image size-large is-resized\"><img loading=\"lazy\" decoding=\"async\" width=\"1024\" height=\"532\" src=\"https:\/\/passy.spgoo.org\/wp-content\/uploads\/2024\/06\/Capture-du-2024-06-06-14-19-30-1024x532.png\" alt=\"\" class=\"wp-image-84\" style=\"width:870px;height:auto\" srcset=\"https:\/\/passy.spgoo.org\/wp-content\/uploads\/2024\/06\/Capture-du-2024-06-06-14-19-30-1024x532.png 1024w, https:\/\/passy.spgoo.org\/wp-content\/uploads\/2024\/06\/Capture-du-2024-06-06-14-19-30-300x156.png 300w, https:\/\/passy.spgoo.org\/wp-content\/uploads\/2024\/06\/Capture-du-2024-06-06-14-19-30-768x399.png 768w, https:\/\/passy.spgoo.org\/wp-content\/uploads\/2024\/06\/Capture-du-2024-06-06-14-19-30.png 1097w\" sizes=\"auto, (max-width: 1024px) 100vw, 1024px\" \/><\/figure>\n\n\n\n<p class=\"has-vivid-cyan-blue-color has-text-color has-link-color has-medium-font-size wp-elements-9715c7f7558b41437eb4864c0e6208c5\">D\u00e9tails des fonctionnalit\u00e9s par modules : <\/p>\n\n\n\n<p><strong>Module frontal<\/strong> : offrir une interface web accessible pour tout type de m\u00e9dia afin de permettre de faire des recherches et des extractions. Pour les contributeurs, des interfaces adapt\u00e9es pour entretenir et alimenter les donn\u00e9es via des m\u00e9canismes de flux de production pour assurer le contr\u00f4le qualit\u00e9 des saisies.<\/p>\n\n\n\n<p><strong>Module service internet<\/strong> : ce module sert d&#8217;interface entre le frontal et les diff\u00e9rents arri\u00e8re-plans afin d&#8217;assurer le traitement des demandes. Il ouvre l&#8217;interrogation de la base de donn\u00e9es \u00e0 des applications via l&#8217;utilisation de jeton qui autorise les acc\u00e8s externes. Un syst\u00e8me d&#8217;API sera disponible pour cette utilisation.<\/p>\n\n\n\n<p><strong>Module IA<\/strong> : d\u00e9di\u00e9 \u00e0 l&#8217;analyse r\u00e9guli\u00e8re des sources sonores et des m\u00e9triques pour \u00e9tudier les tendances et r\u00e9pertorier sur les axes temporel et g\u00e9ographique les \u00e9l\u00e9ments remont\u00e9s pour les soumettre \u00e0 un contr\u00f4le de validation.<\/p>\n\n\n\n<p><strong>Module d&#8217;arri\u00e8re-plan<\/strong> : stockage des donn\u00e9es de la plateforme et entrep\u00f4t des demandes, commentaires et autres informations autour de son utilisation.<\/p>\n\n\n\n<p class=\"has-vivid-cyan-blue-color has-text-color has-link-color has-medium-font-size wp-elements-86a9f06da24fd4fb521c97262f98839d\">Rep\u00e9rages : <\/p>\n\n\n\n<p>Positionnement des prononciations selon deux axes que l&#8217;on pourra croiser :<\/p>\n\n\n\n<ul class=\"wp-block-list\">\n<li>axe temporel <\/li>\n\n\n\n<li>axe g\u00e9ographique <\/li>\n<\/ul>\n\n\n\n<p>Positionnement spatiale des prononciations et de leur \u00e9volution : prendre la carte de la francophonie <br>(source : <a href=\"https:\/\/www.francophonie.org\/boite-outils-pour-lenseignant-1100\">https:\/\/www.francophonie.org\/boite-outils-pour-lenseignant-1100<\/a>) <\/p>\n\n\n\n<figure class=\"wp-block-image size-large is-resized\"><img loading=\"lazy\" decoding=\"async\" width=\"1024\" height=\"726\" src=\"https:\/\/passy.spgoo.org\/wp-content\/uploads\/2024\/06\/carte_francophonie-1024x726.png\" alt=\"\" class=\"wp-image-360\" style=\"width:838px;height:auto\" srcset=\"https:\/\/passy.spgoo.org\/wp-content\/uploads\/2024\/06\/carte_francophonie-1024x726.png 1024w, https:\/\/passy.spgoo.org\/wp-content\/uploads\/2024\/06\/carte_francophonie-300x213.png 300w, https:\/\/passy.spgoo.org\/wp-content\/uploads\/2024\/06\/carte_francophonie-768x544.png 768w, https:\/\/passy.spgoo.org\/wp-content\/uploads\/2024\/06\/carte_francophonie.png 1089w\" sizes=\"auto, (max-width: 1024px) 100vw, 1024px\" \/><\/figure>\n","protected":false},"excerpt":{"rendered":"<p>Informations sur la construction de la plateforme PASSY Objectifs de ce type de plateforme : Organisation et acteurs Partenariats envisag\u00e9s (liste non exhaustive) Architecture de la plateforme D\u00e9tails des fonctionnalit\u00e9s par modules : Module frontal : offrir une interface web accessible pour tout type de m\u00e9dia afin de permettre de faire des recherches et des [&hellip;]<\/p>\n","protected":false},"author":1,"featured_media":0,"parent":0,"menu_order":0,"comment_status":"closed","ping_status":"closed","template":"","meta":{"footnotes":""},"class_list":["post-49","page","type-page","status-publish","hentry"],"_links":{"self":[{"href":"https:\/\/passy.spgoo.org\/index.php?rest_route=\/wp\/v2\/pages\/49","targetHints":{"allow":["GET"]}}],"collection":[{"href":"https:\/\/passy.spgoo.org\/index.php?rest_route=\/wp\/v2\/pages"}],"about":[{"href":"https:\/\/passy.spgoo.org\/index.php?rest_route=\/wp\/v2\/types\/page"}],"author":[{"embeddable":true,"href":"https:\/\/passy.spgoo.org\/index.php?rest_route=\/wp\/v2\/users\/1"}],"replies":[{"embeddable":true,"href":"https:\/\/passy.spgoo.org\/index.php?rest_route=%2Fwp%2Fv2%2Fcomments&post=49"}],"version-history":[{"count":18,"href":"https:\/\/passy.spgoo.org\/index.php?rest_route=\/wp\/v2\/pages\/49\/revisions"}],"predecessor-version":[{"id":1295,"href":"https:\/\/passy.spgoo.org\/index.php?rest_route=\/wp\/v2\/pages\/49\/revisions\/1295"}],"wp:attachment":[{"href":"https:\/\/passy.spgoo.org\/index.php?rest_route=%2Fwp%2Fv2%2Fmedia&parent=49"}],"curies":[{"name":"wp","href":"https:\/\/api.w.org\/{rel}","templated":true}]}}