{"id":1310,"date":"2025-10-24T16:26:05","date_gmt":"2025-10-24T14:26:05","guid":{"rendered":"https:\/\/passy.spgoo.org\/?page_id=1310"},"modified":"2026-03-28T09:48:11","modified_gmt":"2026-03-28T08:48:11","slug":"suivi-du-projet","status":"publish","type":"page","link":"https:\/\/passy.spgoo.org\/?page_id=1310","title":{"rendered":"Suivi du projet"},"content":{"rendered":"\n<p>Cette page contient l&#8217;ensemble des documents produits dans le cadre de ce projet, elle met \u00e0 disposition les documents de travail qui ont permis de construire et d&#8217;\u00e9laborer cette plateforme. Pour la partie technique, les \u00e9l\u00e9ments seront d\u00e9pos\u00e9s chez le partenaire <a href=\"https:\/\/spgoo.org\">SPGoO<\/a> qui assure le d\u00e9veloppement et le maintien de la plateforme.<\/p>\n\n\n\n<p class=\"has-vivid-red-color has-text-color has-link-color has-large-font-size wp-elements-9a33a4ee11424e23f6c3e54aa97fc21d\">Partie organisationnelle : <\/p>\n\n\n\n<p class=\"has-text-align-center has-vivid-cyan-blue-color has-text-color has-link-color has-medium-font-size wp-elements-1024af32f4c78772f4412cf288a2b7a6\">R\u00e9unions de travail :<\/p>\n\n\n\n<p>Prochaine R\u00e9union en Avril<\/p>\n\n\n\n<p>R\u00e9union 16 Marc 2026 B\u00e2timent 3IA 10h00-12h30 : <a href=\"https:\/\/passy.spgoo.org\/wp-content\/uploads\/2026\/03\/DPFV_Orleans_2026_03_16.pdf\">CR<\/a><\/p>\n\n\n\n<p>R\u00e9union 29 Janvier 2026 B\u00e2timent 3IA 9h30-12h00 : <a href=\"https:\/\/passy.spgoo.org\/wp-content\/uploads\/2026\/02\/DPFV_Orleans_2026_01_29.pdf\">CR<\/a><\/p>\n\n\n\n<p>R\u00e9union 16 d\u00e9cembre 2025 B\u00e2timent 3IA 09h30-12h00 : <a href=\"\/wp-content\/uploads\/2025\/12\/DPFV_Orleans_2025_12_16-.pdf\">CR<\/a><\/p>\n\n\n\n<p>R\u00e9union 17 Novembre 2025 B\u00e2timent 3IA 14h00-16h00 : <a href=\"\/wp-content\/uploads\/2025\/11\/DPFV_Orleans_2025_11_17.pdf\">CR<\/a><\/p>\n\n\n\n<p>R\u00e9union 17 septembre 2025 B\u00e2timent 3IA : <a href=\"\/personnalisation\/pdfs\/DPFV_Orl\u00e9ans_2025_09_17.pdf\">CR<\/a><\/p>\n\n\n\n<p>R\u00e9union 18 juin 2025 B\u00e2timent 3IA: <a href=\"\/personnalisation\/pdfs\/DPFV_Orl\u00e9ans_2025_06_18.pdf\">CR<\/a><\/p>\n\n\n\n<p>R\u00e9union de d\u00e9marrage  02 avril 2024 : sous teams<\/p>\n\n\n\n<p class=\"has-text-align-center has-vivid-cyan-blue-color has-text-color has-link-color has-medium-font-size wp-elements-df0eda2c6a051a2afe7abf9881ec0189\">Communications 2025 :<\/p>\n\n\n\n<p>Colloque Journ\u00e9es Linguistique de Corpus 2025 :  <a href=\"https:\/\/jlc2025.sciencesconf.org\/\">lien<\/a><\/p>\n\n\n\n<p><a href=\"\/personnalisation\/pdfs\/JCL2025.pdf\">Pr\u00e9sentation par Gabriel. Bergounioux<\/a><\/p>\n\n\n\n<hr class=\"wp-block-separator has-alpha-channel-opacity\"\/>\n\n\n\n<p class=\"has-vivid-red-color has-text-color has-link-color has-large-font-size wp-elements-d7a718cb10530f9d681eb0bc64d3cb80\">Partie produit : <\/p>\n\n\n\n<p class=\"has-text-align-center has-vivid-cyan-blue-color has-text-color has-link-color has-medium-font-size wp-elements-365cb85fb01089a4408747fbfa38a0cb\">Evolution de la plateforme  :<\/p>\n\n\n\n<p><strong>Version 0.9.4<\/strong> : 03\/01\/2026 \u00e9volution de l&#8217;interface Eslo 2 pour permettre des manipulations plus faciles dans l&#8217;analyse des donn\u00e9es. Ajout d&#8217;une fen\u00eatre de synth\u00e8se, de l&#8217;acc\u00e8s aux melspectrogrammes et des possibilit\u00e9s d&#8217;export plus simples \u00e0 l&#8217;aide de la librairie Handsontable. Mise en place \u00e9galement des filtres sur le sexe du t\u00e9moin et sa tranche d&#8217;\u00e2ge. R\u00e9cup\u00e9ration \u00e9galement de la liste des locuteurs compl\u00e8te de la base. Janvier 2026 pour \u00e9valuer cette version par les coll\u00e8gues du projet. <\/p>\n\n\n<div class=\"wp-block-image\">\n<figure class=\"aligncenter size-large\"><img loading=\"lazy\" decoding=\"async\" width=\"1024\" height=\"758\" src=\"https:\/\/passy.spgoo.org\/wp-content\/uploads\/2026\/01\/version094-1024x758.png\" alt=\"\" class=\"wp-image-1461\" srcset=\"https:\/\/passy.spgoo.org\/wp-content\/uploads\/2026\/01\/version094-1024x758.png 1024w, https:\/\/passy.spgoo.org\/wp-content\/uploads\/2026\/01\/version094-300x222.png 300w, https:\/\/passy.spgoo.org\/wp-content\/uploads\/2026\/01\/version094-768x569.png 768w, https:\/\/passy.spgoo.org\/wp-content\/uploads\/2026\/01\/version094.png 1141w\" sizes=\"auto, (max-width: 1024px) 100vw, 1024px\" \/><\/figure>\n<\/div>\n\n\n<p><strong>Version 0.9.3<\/strong> : suite \u00e0 la r\u00e9union du 16\/12\/2025 plusieurs am\u00e9nagements de la plateforme ont \u00e9t\u00e9 demand\u00e9s par l&#8217;\u00e9quipe : dont la possibilit\u00e9 d&#8217;annoter les entr\u00e9es directement dans l&#8217;interface web lors de l&#8217;\u00e9coute des entr\u00e9es, de pouvoir \u00e9couter pour certains segments les enregistrements sonores avant et apr\u00e8s le segment pour appr\u00e9cier le contexte, de pouvoir exporter facilement les identifiants des segments pour une recherche compl\u00e9mentaire dans ESLO. Ces am\u00e9nagements donnent lieu \u00e0 une modification de la version de v092 \u00e0 v093. Pour faciliter le travail des coll\u00e8gues pour la prochaine r\u00e9union, une zone de saisie libre a \u00e9t\u00e9 ins\u00e9r\u00e9e dans l&#8217;interface pour rechercher  les mots plus librement dans la base de donn\u00e9es, ce qui a n\u00e9cessit\u00e9 de remonter sur le serveur l&#8217;exhaustivit\u00e9 des segments de l&#8217;ensemble des enregistrements de type entretien d&#8217;ESLO.<\/p>\n\n\n\n<p>Illustrations des am\u00e9nagements propos\u00e9s :<\/p>\n\n\n<div class=\"wp-block-image\">\n<figure class=\"aligncenter size-large is-resized\"><img loading=\"lazy\" decoding=\"async\" width=\"1024\" height=\"725\" src=\"https:\/\/passy.spgoo.org\/wp-content\/uploads\/2025\/12\/Capture-du-2025-12-19-11-18-31-1024x725.png\" alt=\"\" class=\"wp-image-1419\" style=\"width:490px;height:auto\" srcset=\"https:\/\/passy.spgoo.org\/wp-content\/uploads\/2025\/12\/Capture-du-2025-12-19-11-18-31-1024x725.png 1024w, https:\/\/passy.spgoo.org\/wp-content\/uploads\/2025\/12\/Capture-du-2025-12-19-11-18-31-300x212.png 300w, https:\/\/passy.spgoo.org\/wp-content\/uploads\/2025\/12\/Capture-du-2025-12-19-11-18-31-768x544.png 768w, https:\/\/passy.spgoo.org\/wp-content\/uploads\/2025\/12\/Capture-du-2025-12-19-11-18-31.png 1126w\" sizes=\"auto, (max-width: 1024px) 100vw, 1024px\" \/><\/figure>\n<\/div>\n\n\n<hr class=\"wp-block-separator has-alpha-channel-opacity\"\/>\n\n\n\n<p><strong>17\/11\/2025<\/strong> : suite r\u00e9union plusieurs actions ont \u00e9t\u00e9 men\u00e9es (voir maintenance pour d\u00e9tail technique)<\/p>\n\n\n\n<p>Cr\u00e9ation des comptes utilisateurs des coll\u00e8gues pour l&#8217;acc\u00e8s aux fonctionnalit\u00e9s de l&#8217;application <\/p>\n\n\n\n<p>Ajout des nouveaux mots d\u00e9finis ensemble le 17\/11\/2025 <\/p>\n\n\n\n<figure class=\"wp-block-table\"><table class=\"has-fixed-layout\"><tbody><tr><td>cr\u00e9ation(s)<\/td><td>heureusement<\/td><td>ing\u00e9nieur(s)<\/td><td>\u00e9videmment<\/td><td>difficult\u00e9(s)<\/td><td>technique(s)<\/td><\/tr><tr><td>24+2<\/td><td>76<\/td><td>25+4<\/td><td>76<\/td><td>10+24<\/td><td>27+10<\/td><\/tr><\/tbody><\/table><\/figure>\n\n\n\n<p>Affectation des mots aux diff\u00e9rents membres du consortium pour analyse des r\u00e9alisations en fonction du contexte, du locuteur et discussion pr\u00e9vue \u00e0 la mi d\u00e9cembre. <\/p>\n\n\n\n<p><strong>Version 0.9.2<\/strong> :<\/p>\n\n\n\n<p>Ajout de deux nouvelles pages \u00e9quipe et suivi du projet <\/p>\n\n\n\n<p>Partie supervision : Ajout de m\u00e9triques lors de la s\u00e9lection des mots<\/p>\n\n\n\n<figure class=\"wp-block-image size-large\"><img loading=\"lazy\" decoding=\"async\" width=\"1024\" height=\"271\" src=\"https:\/\/passy.spgoo.org\/wp-content\/uploads\/2025\/10\/passy_interface1-1024x271.png\" alt=\"\" class=\"wp-image-1320\" srcset=\"https:\/\/passy.spgoo.org\/wp-content\/uploads\/2025\/10\/passy_interface1-1024x271.png 1024w, https:\/\/passy.spgoo.org\/wp-content\/uploads\/2025\/10\/passy_interface1-300x79.png 300w, https:\/\/passy.spgoo.org\/wp-content\/uploads\/2025\/10\/passy_interface1-768x203.png 768w, https:\/\/passy.spgoo.org\/wp-content\/uploads\/2025\/10\/passy_interface1.png 1164w\" sizes=\"auto, (max-width: 1024px) 100vw, 1024px\" \/><\/figure>\n\n\n\n<p>Int\u00e9gration de la saisie d&#8217;annotation sur les diff\u00e9rents groupes de souffles s\u00e9lectionn\u00e9s. Quatre rubriques disponibles pour compl\u00e9ter les informations associ\u00e9es au groupe. Les annotations  sont appari\u00e9es \u00e0 l&#8217;utilisateur, il est possible de cumuler les remarques et d&#8217;y acc\u00e9der en lecture seule. <\/p>\n\n\n<div class=\"wp-block-image\">\n<figure class=\"aligncenter size-full\"><img loading=\"lazy\" decoding=\"async\" width=\"508\" height=\"785\" src=\"https:\/\/passy.spgoo.org\/wp-content\/uploads\/2025\/10\/passy_interface3.png\" alt=\"\" class=\"wp-image-1318\" srcset=\"https:\/\/passy.spgoo.org\/wp-content\/uploads\/2025\/10\/passy_interface3.png 508w, https:\/\/passy.spgoo.org\/wp-content\/uploads\/2025\/10\/passy_interface3-194x300.png 194w\" sizes=\"auto, (max-width: 508px) 100vw, 508px\" \/><\/figure>\n<\/div>\n\n\n<p>Mise en place de Pie Charts pour permettre l&#8217;\u00e9valuation d&#8217;une s\u00e9lection pour un mot. <\/p>\n\n\n<div class=\"wp-block-image\">\n<figure class=\"aligncenter size-full\"><img loading=\"lazy\" decoding=\"async\" width=\"869\" height=\"752\" src=\"https:\/\/passy.spgoo.org\/wp-content\/uploads\/2025\/10\/passy_interface2.png\" alt=\"\" class=\"wp-image-1319\" srcset=\"https:\/\/passy.spgoo.org\/wp-content\/uploads\/2025\/10\/passy_interface2.png 869w, https:\/\/passy.spgoo.org\/wp-content\/uploads\/2025\/10\/passy_interface2-300x260.png 300w, https:\/\/passy.spgoo.org\/wp-content\/uploads\/2025\/10\/passy_interface2-768x665.png 768w\" sizes=\"auto, (max-width: 869px) 100vw, 869px\" \/><\/figure>\n<\/div>","protected":false},"excerpt":{"rendered":"<p>Cette page contient l&#8217;ensemble des documents produits dans le cadre de ce projet, elle met \u00e0 disposition les documents de travail qui ont permis de construire et d&#8217;\u00e9laborer cette plateforme. Pour la partie technique, les \u00e9l\u00e9ments seront d\u00e9pos\u00e9s chez le partenaire SPGoO qui assure le d\u00e9veloppement et le maintien de la plateforme. Partie organisationnelle : [&hellip;]<\/p>\n","protected":false},"author":1,"featured_media":0,"parent":0,"menu_order":0,"comment_status":"closed","ping_status":"closed","template":"","meta":{"footnotes":""},"class_list":["post-1310","page","type-page","status-publish","hentry"],"_links":{"self":[{"href":"https:\/\/passy.spgoo.org\/index.php?rest_route=\/wp\/v2\/pages\/1310","targetHints":{"allow":["GET"]}}],"collection":[{"href":"https:\/\/passy.spgoo.org\/index.php?rest_route=\/wp\/v2\/pages"}],"about":[{"href":"https:\/\/passy.spgoo.org\/index.php?rest_route=\/wp\/v2\/types\/page"}],"author":[{"embeddable":true,"href":"https:\/\/passy.spgoo.org\/index.php?rest_route=\/wp\/v2\/users\/1"}],"replies":[{"embeddable":true,"href":"https:\/\/passy.spgoo.org\/index.php?rest_route=%2Fwp%2Fv2%2Fcomments&post=1310"}],"version-history":[{"count":51,"href":"https:\/\/passy.spgoo.org\/index.php?rest_route=\/wp\/v2\/pages\/1310\/revisions"}],"predecessor-version":[{"id":1477,"href":"https:\/\/passy.spgoo.org\/index.php?rest_route=\/wp\/v2\/pages\/1310\/revisions\/1477"}],"wp:attachment":[{"href":"https:\/\/passy.spgoo.org\/index.php?rest_route=%2Fwp%2Fv2%2Fmedia&parent=1310"}],"curies":[{"name":"wp","href":"https:\/\/api.w.org\/{rel}","templated":true}]}}