{"id":1302,"date":"2025-10-22T17:45:28","date_gmt":"2025-10-22T15:45:28","guid":{"rendered":"https:\/\/passy.spgoo.org\/?page_id=1302"},"modified":"2026-01-03T15:00:38","modified_gmt":"2026-01-03T14:00:38","slug":"equipes-et-partenaires","status":"publish","type":"page","link":"https:\/\/passy.spgoo.org\/?page_id=1302","title":{"rendered":"Equipes et partenaires"},"content":{"rendered":"\n<p>Responsable scientifique du projet : <strong>Gabriel Bergounioux<\/strong><br><\/p>\n\n\n\n<p class=\"has-text-align-center has-vivid-cyan-blue-color has-text-color has-link-color has-medium-font-size wp-elements-41c65c2d39a31a5fe97e1ad5f3dd7044\">Equipe scientifique :<\/p>\n\n\n\n<div class=\"wp-block-columns is-layout-flex wp-container-core-columns-is-layout-9d6595d7 wp-block-columns-is-layout-flex\">\n<div class=\"wp-block-column is-layout-flow wp-block-column-is-layout-flow\"><div class=\"wp-block-image is-style-rounded\">\n<figure class=\"aligncenter size-full is-resized\"><img loading=\"lazy\" decoding=\"async\" width=\"210\" height=\"233\" src=\"https:\/\/passy.spgoo.org\/wp-content\/uploads\/2025\/10\/gabriel.png\" alt=\"\" class=\"wp-image-1297\" style=\"width:158px;height:auto\"\/><\/figure>\n<\/div>\n\n\n<p class=\"has-text-align-center\"><strong>Gabriel Bergounioux<\/strong><\/p>\n<\/div>\n\n\n\n<div class=\"wp-block-column is-layout-flow wp-block-column-is-layout-flow\"><div class=\"wp-block-image is-style-rounded\">\n<figure class=\"aligncenter size-full is-resized\"><img loading=\"lazy\" decoding=\"async\" width=\"860\" height=\"860\" src=\"https:\/\/passy.spgoo.org\/wp-content\/uploads\/2025\/11\/woman-avatar.png\" alt=\"\" class=\"wp-image-1371\" style=\"width:176px;height:auto\" srcset=\"https:\/\/passy.spgoo.org\/wp-content\/uploads\/2025\/11\/woman-avatar.png 860w, https:\/\/passy.spgoo.org\/wp-content\/uploads\/2025\/11\/woman-avatar-300x300.png 300w, https:\/\/passy.spgoo.org\/wp-content\/uploads\/2025\/11\/woman-avatar-150x150.png 150w, https:\/\/passy.spgoo.org\/wp-content\/uploads\/2025\/11\/woman-avatar-768x768.png 768w\" sizes=\"auto, (max-width: 860px) 100vw, 860px\" \/><\/figure>\n<\/div>\n\n\n<p class=\"has-text-align-center\"><strong>No\u00eblle Serpollet<\/strong><\/p>\n<\/div>\n\n\n\n<div class=\"wp-block-column is-layout-flow wp-block-column-is-layout-flow\"><div class=\"wp-block-image is-style-rounded\">\n<figure class=\"aligncenter size-full is-resized\"><img loading=\"lazy\" decoding=\"async\" width=\"310\" height=\"443\" src=\"https:\/\/passy.spgoo.org\/wp-content\/uploads\/2025\/10\/bad_3.png\" alt=\"\" class=\"wp-image-1300\" style=\"width:123px;height:auto\" srcset=\"https:\/\/passy.spgoo.org\/wp-content\/uploads\/2025\/10\/bad_3.png 310w, https:\/\/passy.spgoo.org\/wp-content\/uploads\/2025\/10\/bad_3-210x300.png 210w\" sizes=\"auto, (max-width: 310px) 100vw, 310px\" \/><\/figure>\n<\/div>\n\n\n<p class=\"has-text-align-center\"><strong>Badreddine Hamma<\/strong><\/p>\n<\/div>\n<\/div>\n\n\n\n<div class=\"wp-block-columns is-layout-flex wp-container-core-columns-is-layout-9d6595d7 wp-block-columns-is-layout-flex\">\n<div class=\"wp-block-column is-layout-flow wp-block-column-is-layout-flow\"><div class=\"wp-block-image is-style-rounded\">\n<figure class=\"aligncenter size-full is-resized\"><img loading=\"lazy\" decoding=\"async\" width=\"200\" height=\"200\" src=\"https:\/\/passy.spgoo.org\/wp-content\/uploads\/2025\/10\/akiko.jpeg\" alt=\"\" class=\"wp-image-1299\" style=\"width:174px;height:auto\" srcset=\"https:\/\/passy.spgoo.org\/wp-content\/uploads\/2025\/10\/akiko.jpeg 200w, https:\/\/passy.spgoo.org\/wp-content\/uploads\/2025\/10\/akiko-150x150.jpeg 150w\" sizes=\"auto, (max-width: 200px) 100vw, 200px\" \/><\/figure>\n<\/div>\n\n\n<p class=\"has-text-align-center\"><strong>Akiko Takemura-Pellard<\/strong><\/p>\n<\/div>\n\n\n\n<div class=\"wp-block-column is-layout-flow wp-block-column-is-layout-flow\"><div class=\"wp-block-image is-style-rounded\">\n<figure class=\"aligncenter size-full is-resized\"><img loading=\"lazy\" decoding=\"async\" width=\"150\" height=\"150\" src=\"https:\/\/passy.spgoo.org\/wp-content\/uploads\/2025\/10\/ystroppa-207x300-1-150x150-1.jpg\" alt=\"\" class=\"wp-image-1301\" style=\"aspect-ratio:0.9466666666666667;object-fit:cover;width:167px;height:auto\"\/><\/figure>\n<\/div>\n\n\n<p class=\"has-text-align-center\"><strong>Yvan Stroppa<\/strong><\/p>\n<\/div>\n<\/div>\n\n\n\n<p class=\"has-text-align-center has-vivid-cyan-blue-color has-text-color has-link-color has-medium-font-size wp-elements-34ce0eb97cd0bd9bde5ce28f4061c31a\">Les partenaires<\/p>\n\n\n\n<p class=\"has-text-align-center has-pale-cyan-blue-color has-text-color has-link-color has-medium-font-size wp-elements-738b54dc2736a63cdfa1fc908b4da4e9\"><\/p>\n\n\n\n<p>LLL : laboratoire Lig\u00e9rien de Linguistique<\/p>\n\n\n\n<p><a href=\"https:\/\/www.atilf.fr\/\">ATILF<\/a> : laboratoire <strong>A<\/strong>nalyse et <strong>T<\/strong>raitement <strong>I<\/strong>nformatique de la <strong>L<\/strong>angue <strong>F<\/strong>ran\u00e7aise<\/p>\n\n\n\n<p><a href=\"https:\/\/spgoo.org\">SPGoO<\/a> : cellule de mutualisation de comp\u00e9tences<\/p>\n\n\n\n<p><a href=\"https:\/\/frapeor.org\">FRAP\u00e9OR<\/a> : FRan\u00e7ais d&#8217;Allophones Parl\u00e9 \u00e0 Orl\u00e9ans<\/p>\n\n\n\n<p class=\"has-text-align-center has-vivid-cyan-blue-color has-text-color has-link-color has-medium-font-size wp-elements-625050c2d69bfdec993f8018925afcc4\">Documentations associ\u00e9es \u00e0 la plateforme<\/p>\n\n\n\n<p><a href=\"\/wp-content\/uploads\/2025\/11\/partie_supervision.pdf\">Manuel de supervision pour les \u00e9diteurs<\/a><\/p>\n\n\n\n<p><a href=\"\/wp-content\/uploads\/2025\/11\/description_partie_contributeur.pdf\">Manuel contributeur<\/a><\/p>\n","protected":false},"excerpt":{"rendered":"<p>Responsable scientifique du projet : Gabriel Bergounioux Equipe scientifique : Gabriel Bergounioux No\u00eblle Serpollet Badreddine Hamma Akiko Takemura-Pellard Yvan Stroppa Les partenaires LLL : laboratoire Lig\u00e9rien de Linguistique ATILF : laboratoire Analyse et Traitement Informatique de la Langue Fran\u00e7aise SPGoO : cellule de mutualisation de comp\u00e9tences FRAP\u00e9OR : FRan\u00e7ais d&#8217;Allophones Parl\u00e9 \u00e0 Orl\u00e9ans Documentations associ\u00e9es [&hellip;]<\/p>\n","protected":false},"author":1,"featured_media":0,"parent":0,"menu_order":0,"comment_status":"closed","ping_status":"closed","template":"","meta":{"footnotes":""},"class_list":["post-1302","page","type-page","status-publish","hentry"],"_links":{"self":[{"href":"https:\/\/passy.spgoo.org\/index.php?rest_route=\/wp\/v2\/pages\/1302","targetHints":{"allow":["GET"]}}],"collection":[{"href":"https:\/\/passy.spgoo.org\/index.php?rest_route=\/wp\/v2\/pages"}],"about":[{"href":"https:\/\/passy.spgoo.org\/index.php?rest_route=\/wp\/v2\/types\/page"}],"author":[{"embeddable":true,"href":"https:\/\/passy.spgoo.org\/index.php?rest_route=\/wp\/v2\/users\/1"}],"replies":[{"embeddable":true,"href":"https:\/\/passy.spgoo.org\/index.php?rest_route=%2Fwp%2Fv2%2Fcomments&post=1302"}],"version-history":[{"count":19,"href":"https:\/\/passy.spgoo.org\/index.php?rest_route=\/wp\/v2\/pages\/1302\/revisions"}],"predecessor-version":[{"id":1446,"href":"https:\/\/passy.spgoo.org\/index.php?rest_route=\/wp\/v2\/pages\/1302\/revisions\/1446"}],"wp:attachment":[{"href":"https:\/\/passy.spgoo.org\/index.php?rest_route=%2Fwp%2Fv2%2Fmedia&parent=1302"}],"curies":[{"name":"wp","href":"https:\/\/api.w.org\/{rel}","templated":true}]}}